{"id":5351,"date":"2020-05-14T17:28:10","date_gmt":"2020-05-14T10:28:10","guid":{"rendered":"https:\/\/www.viethuong.com.vn\/?page_id=5351"},"modified":"2022-12-01T15:12:40","modified_gmt":"2022-12-01T08:12:40","slug":"huong-lieu-cho-cac-san-pham-bo-sua","status":"publish","type":"page","link":"https:\/\/www.viethuong.com.vn\/vi\/huong-lieu-cho-cac-san-pham-bo-sua\/","title":{"rendered":"H\u01b0\u01a1ng Li\u1ec7u Cho C\u00e1c S\u1ea3n Ph\u1ea9m S\u1eefa v\u00e0 Kem"},"content":{"rendered":"\t\t<div data-elementor-type=\"wp-page\" data-elementor-id=\"5351\" class=\"elementor elementor-5351\" data-elementor-post-type=\"page\">\n\t\t\t\t\t\t<section class=\"elementor-section elementor-top-section elementor-element elementor-element-a4e4655 elementor-section-full_width elementor-section-height-default elementor-section-height-default\" data-id=\"a4e4655\" data-element_type=\"section\">\n\t\t\t\t\t\t<div class=\"elementor-container elementor-column-gap-default\">\n\t\t\t\t\t<div class=\"elementor-column elementor-col-100 elementor-top-column elementor-element elementor-element-e4535a4\" data-id=\"e4535a4\" data-element_type=\"column\">\n\t\t\t<div class=\"elementor-widget-wrap elementor-element-populated\">\n\t\t\t\t\t\t<div class=\"elementor-element elementor-element-465dea0 elementor-widget elementor-widget-text-editor\" data-id=\"465dea0\" data-element_type=\"widget\" data-widget_type=\"text-editor.default\">\n\t\t\t\t<div class=\"elementor-widget-container\">\n\t\t\t\t\t\t\t<p><span style=\"color: #000000;\">H\u01b0\u01a1ng li\u1ec7u cho c\u00e1c s\u1ea3n ph\u1ea9m b\u01a1 s\u1eefa \u0111\u00e3 \u0111\u01b0\u1ee3c bi\u1ebft \u0111\u1ebfn v\u00e0 s\u1eed d\u1ee5ng ph\u1ed5 bi\u1ebfn. \u0110\u00e2y l\u00e0 nh\u00f3m <a href=\"https:\/\/www.viethuong.com.vn\/vi\/blog\/chat-phu-gia-thuc-pham-la-gi\/\">ch\u1ea5t ph\u1ee5 gia th\u1ef1c ph\u1ea9m<\/a> quan tr\u1ecdng gi\u00fap c\u00e1c s\u1ea3n ph\u1ea9m b\u01a1 s\u1eefa h\u1ea5p d\u1eabn h\u01a1n v\u1ec1 c\u1ea3 h\u01b0\u01a1ng v\u1ecb v\u00e0 m\u00e0u s\u1eafc. D\u01b0\u1edbi \u0111\u00e2y l\u00e0 m\u1ed9t s\u1ed1 h\u01b0\u01a1ng li\u1ec7u cho c\u00e1c s\u1ea3n ph\u1ea9m b\u01a1 s\u1eefa:<\/span><\/p>\t\t\t\t\t\t<\/div>\n\t\t\t\t<\/div>\n\t\t\t\t\t<\/div>\n\t\t<\/div>\n\t\t\t\t\t<\/div>\n\t\t<\/section>\n\t\t\t\t<section class=\"elementor-section elementor-top-section elementor-element elementor-element-6b2f58c elementor-section-boxed elementor-section-height-default elementor-section-height-default\" data-id=\"6b2f58c\" data-element_type=\"section\">\n\t\t\t\t\t\t<div class=\"elementor-container elementor-column-gap-default\">\n\t\t\t\t\t<div class=\"elementor-column elementor-col-50 elementor-top-column elementor-element elementor-element-a458a3f\" data-id=\"a458a3f\" data-element_type=\"column\">\n\t\t\t<div class=\"elementor-widget-wrap elementor-element-populated\">\n\t\t\t\t\t\t<div class=\"elementor-element elementor-element-2cc7225 elementor-widget elementor-widget-text-editor\" data-id=\"2cc7225\" data-element_type=\"widget\" data-widget_type=\"text-editor.default\">\n\t\t\t\t<div class=\"elementor-widget-container\">\n\t\t\t\t\t\t\t<table style=\"border-color: #000000; width: 91.566%; height: 630px;\" border=\"1\" width=\"236\"><tbody><tr style=\"height: 21px;\"><td style=\"height: 21px; width: 51.9833%; text-align: center;\" width=\"105\"><strong><span style=\"color: #000000;\">CATEGORY<\/span><\/strong><\/td><td style=\"height: 21px; width: 107.174%; text-align: center;\" width=\"131\"><strong><span style=\"color: #000000;\">H\u01af\u01a0NG<\/span><\/strong><\/td><\/tr><tr style=\"height: 21px;\"><td style=\"height: 609px; width: 51.9833%;\" rowspan=\"29\" width=\"105\"><strong><span style=\"color: #000000;\">SUGARY<\/span><\/strong><\/td><td style=\"height: 21px; width: 107.174%;\"><span style=\"color: #000000;\">S\u01a1 ri<\/span><\/td><\/tr><tr style=\"height: 21px;\"><td style=\"height: 21px; width: 107.174%;\"><span style=\"color: #000000;\">T\u00e1o\u00a0<\/span><\/td><\/tr><tr style=\"height: 21px;\"><td style=\"height: 21px; width: 107.174%;\"><span style=\"color: #000000;\">M\u01a1<\/span><\/td><\/tr><tr style=\"height: 21px;\"><td style=\"height: 21px; width: 107.174%;\"><span style=\"color: #000000;\">Nho \u0111en<\/span><\/td><\/tr><tr style=\"height: 21px;\"><td style=\"height: 21px; width: 107.174%;\"><span style=\"color: #000000;\">Vi\u1ec7t qu\u1ea5t xanh<\/span><\/td><\/tr><tr style=\"height: 21px;\"><td style=\"height: 21px; width: 107.174%;\"><span style=\"color: #000000;\">Qu\u1ea3 anh \u0111\u00e0o<\/span><\/td><\/tr><tr style=\"height: 21px;\"><td style=\"height: 21px; width: 107.174%;\"><span style=\"color: #000000;\">D\u01b0\u0300a\u00a0<\/span><\/td><\/tr><tr style=\"height: 21px;\"><td style=\"height: 21px; width: 107.174%;\"><span style=\"color: #000000;\">Nam vi\u1ec7t qu\u1ea5t<\/span><\/td><\/tr><tr style=\"height: 21px;\"><td style=\"height: 21px; width: 107.174%;\"><span style=\"color: #000000;\">S\u1ea7u ri\u00eang<\/span><\/td><\/tr><tr style=\"height: 21px;\"><td style=\"height: 21px; width: 107.174%;\"><span style=\"color: #000000;\">Tr\u00e1i c\u00e2y r\u1eebng<\/span><\/td><\/tr><tr style=\"height: 21px;\"><td style=\"height: 21px; width: 107.174%;\"><span style=\"color: #000000;\">Nho\u00a0<\/span><\/td><\/tr><tr style=\"height: 21px;\"><td style=\"height: 21px; width: 107.174%;\"><span style=\"color: #000000;\">\u1ed4i\u00a0<\/span><\/td><\/tr><tr style=\"height: 21px;\"><td style=\"height: 21px; width: 107.174%;\"><span style=\"color: #000000;\">V\u1ea3i\u00a0<\/span><\/td><\/tr><tr style=\"height: 21px;\"><td style=\"height: 21px; width: 107.174%;\"><span style=\"color: #000000;\">Qu\u00fdt<\/span><\/td><\/tr><tr style=\"height: 21px;\"><td style=\"height: 21px; width: 107.174%;\"><span style=\"color: #000000;\">Xo\u00e0i\u00a0<\/span><\/td><\/tr><tr style=\"height: 21px;\"><td style=\"height: 21px; width: 107.174%;\"><span style=\"color: #000000;\">D\u01b0a t\u00e2y\u00a0<\/span><\/td><\/tr><tr style=\"height: 21px;\"><td style=\"height: 21px; width: 107.174%;\"><span style=\"color: #000000;\">D\u00e2u t\u0103\u0300m\u00a0<\/span><\/td><\/tr><tr style=\"height: 21px;\"><td style=\"height: 21px; width: 107.174%;\"><span style=\"color: #000000;\">Cam\u00a0<\/span><\/td><\/tr><tr style=\"height: 21px;\"><td style=\"height: 21px; width: 107.174%;\"><span style=\"color: #000000;\">Chanh d\u00e2y<\/span><\/td><\/tr><tr style=\"height: 21px;\"><td style=\"height: 21px; width: 107.174%;\"><span style=\"color: #000000;\">\u0110a\u0300o\u00a0<\/span><\/td><\/tr><tr style=\"height: 21px;\"><td style=\"height: 21px; width: 107.174%;\"><span style=\"color: #000000;\">L\u00ea<\/span><\/td><\/tr><tr style=\"height: 21px;\"><td style=\"height: 21px; width: 107.174%;\"><span style=\"color: #000000;\">D\u01b0\u0301a\u00a0<\/span><\/td><\/tr><tr style=\"height: 21px;\"><td style=\"height: 21px; width: 107.174%;\"><span style=\"color: #000000;\">D\u01b0\u0301a d\u01b0\u0300a\u00a0<\/span><\/td><\/tr><tr style=\"height: 21px;\"><td style=\"height: 21px; width: 107.174%;\"><span style=\"color: #000000;\">L\u1ef1u<\/span><\/td><\/tr><tr style=\"height: 21px;\"><td style=\"height: 21px; width: 107.174%;\"><span style=\"color: #000000;\">Qu\u1ea3 m\u00e2m x\u00f4i<\/span><\/td><\/tr><tr style=\"height: 21px;\"><td style=\"height: 21px; width: 107.174%;\"><span style=\"color: #000000;\">D\u00e2u<\/span><\/td><\/tr><tr style=\"height: 21px;\"><td style=\"height: 21px; width: 107.174%;\"><span style=\"color: #000000;\">M\u00e3ng c\u1ea7u\u00a0<\/span><\/td><\/tr><tr style=\"height: 21px;\"><td style=\"height: 21px; width: 107.174%;\"><span style=\"color: #000000;\">Tr\u00e1i c\u00e2y<\/span><\/td><\/tr><tr style=\"height: 21px;\"><td style=\"height: 21px; width: 107.174%;\"><span style=\"color: #000000;\">D\u01b0a h\u00e2\u0301u\u00a0<\/span><\/td><\/tr><\/tbody><\/table>\t\t\t\t\t\t<\/div>\n\t\t\t\t<\/div>\n\t\t\t\t\t<\/div>\n\t\t<\/div>\n\t\t\t\t<div class=\"elementor-column elementor-col-50 elementor-top-column elementor-element elementor-element-a602ead\" data-id=\"a602ead\" data-element_type=\"column\">\n\t\t\t<div class=\"elementor-widget-wrap elementor-element-populated\">\n\t\t\t\t\t\t<div class=\"elementor-element elementor-element-b118fd8 elementor-widget elementor-widget-text-editor\" data-id=\"b118fd8\" data-element_type=\"widget\" data-widget_type=\"text-editor.default\">\n\t\t\t\t<div class=\"elementor-widget-container\">\n\t\t\t\t\t\t\t<table style=\"border-color: #000000; width: 92.9688%;\" border=\"1\" width=\"285\"><tbody><tr><td style=\"text-align: center; width: 45.0704%;\" width=\"128\"><strong><span style=\"color: #000000;\">CATEGORY<\/span><\/strong><\/td><td style=\"text-align: center; width: 88.9881%;\" width=\"157\"><strong><span style=\"color: #000000;\">H\u01af\u01a0NG<\/span><\/strong><\/td><\/tr><tr><td style=\"width: 45.0704%;\" rowspan=\"15\" width=\"128\"><br \/><strong><span style=\"color: #000000;\">BENEFICIAL<\/span><\/strong><br \/><br \/><\/td><td style=\"width: 88.9881%;\"><span style=\"color: #000000;\">H\u1ea1nh nh\u00e2n<\/span><\/td><\/tr><tr><td style=\"width: 88.9881%;\"><span style=\"color: #000000;\">Nha \u0111am<\/span><\/td><\/tr><tr><td style=\"width: 88.9881%;\"><span style=\"color: #000000;\">Ng\u0169 c\u1ed1c<\/span><\/td><\/tr><tr><td style=\"width: 88.9881%;\"><span style=\"color: #000000;\">B\u1eafp<\/span><\/td><\/tr><tr><td style=\"width: 88.9881%;\"><span style=\"color: #000000;\">\u0110\u1eadu xanh<\/span><\/td><\/tr><tr><td style=\"width: 88.9881%;\"><span style=\"color: #000000;\">Ha\u0323t de\u0309<\/span><\/td><\/tr><tr><td style=\"width: 88.9881%;\"><span style=\"color: #000000;\">\u0110\u00e2\u0323u ph\u00f4\u0323ng\u00a0<\/span><\/td><\/tr><tr><td style=\"width: 88.9881%;\"><span style=\"color: #000000;\">M\u1ea1ch nha<\/span><\/td><\/tr><tr><td style=\"width: 88.9881%;\"><span style=\"color: #000000;\">Y\u1ebfn m\u1ea1ch<\/span><\/td><\/tr><tr><td style=\"width: 88.9881%;\"><span style=\"color: #000000;\">\u0110\u1eadu \u0111\u1ecf<\/span><\/td><\/tr><tr><td style=\"width: 88.9881%;\"><span style=\"color: #000000;\">G\u1ea1o<\/span><\/td><\/tr><tr><td style=\"width: 88.9881%;\"><span style=\"color: #000000;\">M\u00e8<\/span><\/td><\/tr><tr><td style=\"width: 88.9881%;\"><span style=\"color: #000000;\">M\u00e8 \u0111en<\/span><\/td><\/tr><tr><td style=\"width: 88.9881%;\"><span style=\"color: #000000;\">\u0110\u1eadu n\u00e0nh<\/span><\/td><\/tr><tr><td style=\"width: 88.9881%;\"><span style=\"color: #000000;\">L\u00faa m\u00ec<\/span><\/td><\/tr><tr><td style=\"width: 45.0704%;\" rowspan=\"11\" width=\"128\"><strong><span style=\"color: #000000;\">BUTTERY &amp; MILKY<\/span><\/strong><\/td><td style=\"width: 88.9881%;\"><span style=\"color: #000000;\">B\u01a1<\/span><\/td><\/tr><tr><td style=\"width: 88.9881%;\"><span style=\"color: #000000;\">Ca-ra-men\u00a0<\/span><\/td><\/tr><tr><td style=\"width: 88.9881%;\"><span style=\"color: #000000;\">Ph\u00f4 mai<\/span><\/td><\/tr><tr><td style=\"width: 88.9881%;\"><span style=\"color: #000000;\">S\u00f4-c\u00f4-la<\/span><\/td><\/tr><tr><td style=\"width: 88.9881%;\"><span style=\"color: #000000;\">S\u1eefa \u0111\u1eb7c<\/span><\/td><\/tr><tr><td style=\"width: 88.9881%;\"><span style=\"color: #000000;\">S\u1eefa tr\u1ee9ng<\/span><\/td><\/tr><tr><td style=\"width: 88.9881%;\"><span style=\"color: #000000;\">Kem\u00a0<\/span><\/td><\/tr><tr><td style=\"width: 88.9881%;\"><span style=\"color: #000000;\">S\u1eefa<\/span><\/td><\/tr><tr><td style=\"width: 88.9881%;\"><span style=\"color: #000000;\">K\u1eb9o b\u01a1 c\u1ee9ng<\/span><\/td><\/tr><tr><td style=\"width: 88.9881%;\"><span style=\"color: #000000;\">Vani<\/span><\/td><\/tr><tr><td style=\"width: 88.9881%;\"><span style=\"color: #000000;\">S\u1eefa chua<\/span><\/td><\/tr><tr><td style=\"width: 45.0704%;\" rowspan=\"3\" width=\"128\"><strong><span style=\"color: #000000;\">BALMY<\/span><\/strong><\/td><td style=\"width: 88.9881%;\"><span style=\"color: #000000;\">L\u00e0i<\/span><\/td><\/tr><tr><td style=\"width: 88.9881%;\" width=\"157\"><span style=\"color: #000000;\">H\u01b0\u01a1ng t\u1ea1o \u0111\u1ed9 ngon mi\u1ec7ng<\/span><\/td><\/tr><tr><td style=\"width: 88.9881%;\"><span style=\"color: #000000;\">L\u00e1 d\u1ee9a<\/span><\/td><\/tr><\/tbody><\/table>\t\t\t\t\t\t<\/div>\n\t\t\t\t<\/div>\n\t\t\t\t\t<\/div>\n\t\t<\/div>\n\t\t\t\t\t<\/div>\n\t\t<\/section>\n\t\t\t\t<section class=\"elementor-section elementor-top-section elementor-element elementor-element-6cb6b69 elementor-section-boxed elementor-section-height-default elementor-section-height-default\" data-id=\"6cb6b69\" data-element_type=\"section\">\n\t\t\t\t\t\t<div class=\"elementor-container elementor-column-gap-default\">\n\t\t\t\t\t<div class=\"elementor-column elementor-col-100 elementor-top-column elementor-element elementor-element-0851bac\" data-id=\"0851bac\" data-element_type=\"column\">\n\t\t\t<div class=\"elementor-widget-wrap elementor-element-populated\">\n\t\t\t\t\t\t<div class=\"elementor-element elementor-element-fd5df93 elementor-widget elementor-widget-text-editor\" data-id=\"fd5df93\" data-element_type=\"widget\" data-widget_type=\"text-editor.default\">\n\t\t\t\t<div class=\"elementor-widget-container\">\n\t\t\t\t\t\t\t<p><span style=\"color: #000000;\">C\u00f4ng ty H\u01b0\u01a1ng li\u1ec7u Vi\u1ec7t H\u01b0\u01a1ng t\u1ef1 h\u00e0o l\u00e0&nbsp;<a href=\"https:\/\/www.viethuong.com.vn\/vi\/\">c\u00f4ng ty h\u01b0\u01a1ng li\u1ec7u<\/a>&nbsp;d\u1eabn \u0111\u1ea7u th\u1ecb tr\u01b0\u1eddng Vi\u1ec7t Nam, chuy\u00ean v\u1ec1&nbsp;<a href=\"https:\/\/www.viethuong.com.vn\/vi\/theloai\/huong-lieu-thuc-pham\/\">h\u01b0\u01a1ng li\u1ec7u th\u1ef1c ph\u1ea9m<\/a>,&nbsp;<a href=\"https:\/\/www.viethuong.com.vn\/vi\/theloai\/huong-lieu-my-pham\/\">h\u01b0\u01a1ng li\u1ec7u m\u1ef9 ph\u1ea9m<\/a>,&nbsp;<a href=\"https:\/\/www.viethuong.com.vn\/vi\/blog\/huong-lieu-cong-nghiep-la-gi-huong-lieu-cong-nghiep-an-toan-khong\/\">h\u01b0\u01a1ng li\u1ec7u c\u00f4ng nghi\u1ec7p<\/a>\u2026<\/span><span style=\"color: #000000;\"><br><\/span><\/p>\n<p><span style=\"font-family: var( --e-global-typography-text-font-family ), Sans-serif; font-weight: var( --e-global-typography-text-font-weight ); color: rgb(0, 0, 0);\">Hotline:&nbsp;<\/span><span style=\"font-family: var( --e-global-typography-text-font-family ), Sans-serif; font-weight: var( --e-global-typography-text-font-weight ); color: rgb(255, 0, 0);\">(028)3 551 2778 (ext: 201)<\/span><\/p>\n<p><span style=\"font-weight: bolder;\"><span style=\"color: #000000;\">Li\u00ean h\u1ec7 ngay v\u1edbi Vi\u1ec7t H\u01b0\u01a1ng \u0111\u1ec3 nh\u1eadn m\u1eabu th\u1eed&nbsp;<\/span><span style=\"color: #000000;\">mi\u1ec5n ph\u00ed nh\u00e9!<\/span><\/span><\/p>\n<p><span style=\"color: #000000;\">Ho\u1eb7c \u0111\u1ec3 l\u1ea1i th\u00f4ng tin \u1edf m\u1ee5c li\u00ean h\u1ec7 \u2013 website&nbsp;<\/span><span style=\"color: #000000;\">www.viethuong.com.vn<\/span><\/p>\n<p><span style=\"color: #000000;\">Ch\u00fang t\u00f4i s\u1ebd li\u00ean l\u1ea1c l\u1ea1i ngay!<\/span><\/p>\n<p><span style=\"color: #000000;\">H\u00e3y t\u1ef1 m\u00ecnh c\u1ea3m nh\u1eadn n\u00e9t kh\u00e1c bi\u1ec7t t\u1eeb&nbsp;<\/span><span style=\"color: #000000;\">kho t\u00e0ng h\u01b0\u01a1ng th\u01a1m tinh t\u1ebf!<\/span><\/p>\t\t\t\t\t\t<\/div>\n\t\t\t\t<\/div>\n\t\t\t\t\t<\/div>\n\t\t<\/div>\n\t\t\t\t\t<\/div>\n\t\t<\/section>\n\t\t\t\t<\/div>\n\t\t","protected":false},"excerpt":{"rendered":"<p>H\u01b0\u01a1ng li\u1ec7u cho c\u00e1c s\u1ea3n ph\u1ea9m b\u01a1 s\u1eefa \u0111\u00e3 \u0111\u01b0\u1ee3c bi\u1ebft \u0111\u1ebfn v\u00e0 s\u1eed d\u1ee5ng ph\u1ed5 bi\u1ebfn. \u0110\u00e2y l\u00e0 nh\u00f3m ch\u1ea5t ph\u1ee5 gia th\u1ef1c ph\u1ea9m quan tr\u1ecdng gi\u00fap c\u00e1c s\u1ea3n ph\u1ea9m b\u01a1 s\u1eefa h\u1ea5p d\u1eabn h\u01a1n v\u1ec1 c\u1ea3 h\u01b0\u01a1ng v\u1ecb v\u00e0 m\u00e0u s\u1eafc. D\u01b0\u1edbi \u0111\u00e2y l\u00e0 m\u1ed9t s\u1ed1 h\u01b0\u01a1ng li\u1ec7u cho c\u00e1c s\u1ea3n ph\u1ea9m b\u01a1 [&hellip;]<\/p>\n","protected":false},"author":4,"featured_media":0,"parent":0,"menu_order":0,"comment_status":"closed","ping_status":"closed","template":"","meta":{"ngg_post_thumbnail":0},"featured_image_src":null,"yoast_head":"<!-- This site is optimized with the Yoast SEO plugin v21.8.1 - https:\/\/yoast.com\/wordpress\/plugins\/seo\/ -->\n<title>H\u01b0\u01a1ng li\u1ec7u cho c\u00e1c s\u1ea3n ph\u1ea9m b\u01a1 s\u1eefa - H\u01b0\u01a1ng li\u1ec7u Vi\u1ec7t H\u01b0\u01a1ng<\/title>\n<meta name=\"description\" content=\"H\u01b0\u01a1ng li\u1ec7u cho c\u00e1c s\u1ea3n ph\u1ea9m b\u01a1 s\u1eefa \u0111\u00e3 \u0111\u01b0\u1ee3c s\u1eed d\u1ee5ng ph\u1ed5 bi\u1ebfn. \u0110\u00e2y l\u00e0 nh\u00f3m ch\u1ea5t ph\u1ee5 gia th\u1ef1c ph\u1ea9m gi\u00fap s\u1ea3n ph\u1ea9m b\u01a1 s\u1eefa h\u1ea5p d\u1eabn h\u01a1n v\u1ec1 h\u01b0\u01a1ng v\u1ecb v\u00e0 m\u00e0u s\u1eafc.\" \/>\n<meta name=\"robots\" content=\"index, follow, max-snippet:-1, max-image-preview:large, max-video-preview:-1\" \/>\n<link rel=\"canonical\" href=\"https:\/\/www.viethuong.com.vn\/vi\/huong-lieu-cho-cac-san-pham-bo-sua\/\" \/>\n<meta property=\"og:locale\" content=\"vi_VN\" \/>\n<meta property=\"og:type\" content=\"article\" \/>\n<meta property=\"og:title\" content=\"H\u01b0\u01a1ng li\u1ec7u cho c\u00e1c s\u1ea3n ph\u1ea9m b\u01a1 s\u1eefa - H\u01b0\u01a1ng li\u1ec7u Vi\u1ec7t H\u01b0\u01a1ng\" \/>\n<meta property=\"og:description\" content=\"H\u01b0\u01a1ng li\u1ec7u cho c\u00e1c s\u1ea3n ph\u1ea9m b\u01a1 s\u1eefa \u0111\u00e3 \u0111\u01b0\u1ee3c s\u1eed d\u1ee5ng ph\u1ed5 bi\u1ebfn. \u0110\u00e2y l\u00e0 nh\u00f3m ch\u1ea5t ph\u1ee5 gia th\u1ef1c ph\u1ea9m gi\u00fap s\u1ea3n ph\u1ea9m b\u01a1 s\u1eefa h\u1ea5p d\u1eabn h\u01a1n v\u1ec1 h\u01b0\u01a1ng v\u1ecb v\u00e0 m\u00e0u s\u1eafc.\" \/>\n<meta property=\"og:url\" content=\"https:\/\/www.viethuong.com.vn\/vi\/huong-lieu-cho-cac-san-pham-bo-sua\/\" \/>\n<meta property=\"og:site_name\" content=\"Viet huong\" \/>\n<meta property=\"article:publisher\" content=\"https:\/\/www.facebook.com\/huonglieuviethuong\" \/>\n<meta property=\"article:modified_time\" content=\"2022-12-01T08:12:40+00:00\" \/>\n<meta name=\"twitter:card\" content=\"summary_large_image\" \/>\n<meta name=\"twitter:label1\" content=\"Est. reading time\" \/>\n\t<meta name=\"twitter:data1\" content=\"2 minutes\" \/>\n<script type=\"application\/ld+json\" class=\"yoast-schema-graph\">{\"@context\":\"https:\/\/schema.org\",\"@graph\":[{\"@type\":\"WebPage\",\"@id\":\"https:\/\/www.viethuong.com.vn\/vi\/huong-lieu-cho-cac-san-pham-bo-sua\/\",\"url\":\"https:\/\/www.viethuong.com.vn\/vi\/huong-lieu-cho-cac-san-pham-bo-sua\/\",\"name\":\"H\u01b0\u01a1ng li\u1ec7u cho c\u00e1c s\u1ea3n ph\u1ea9m b\u01a1 s\u1eefa - H\u01b0\u01a1ng li\u1ec7u Vi\u1ec7t H\u01b0\u01a1ng\",\"isPartOf\":{\"@id\":\"https:\/\/www.viethuong.com.vn\/#website\"},\"datePublished\":\"2020-05-14T10:28:10+00:00\",\"dateModified\":\"2022-12-01T08:12:40+00:00\",\"description\":\"H\u01b0\u01a1ng li\u1ec7u cho c\u00e1c s\u1ea3n ph\u1ea9m b\u01a1 s\u1eefa \u0111\u00e3 \u0111\u01b0\u1ee3c s\u1eed d\u1ee5ng ph\u1ed5 bi\u1ebfn. \u0110\u00e2y l\u00e0 nh\u00f3m ch\u1ea5t ph\u1ee5 gia th\u1ef1c ph\u1ea9m gi\u00fap s\u1ea3n ph\u1ea9m b\u01a1 s\u1eefa h\u1ea5p d\u1eabn h\u01a1n v\u1ec1 h\u01b0\u01a1ng v\u1ecb v\u00e0 m\u00e0u s\u1eafc.\",\"breadcrumb\":{\"@id\":\"https:\/\/www.viethuong.com.vn\/vi\/huong-lieu-cho-cac-san-pham-bo-sua\/#breadcrumb\"},\"inLanguage\":\"vi-VN\",\"potentialAction\":[{\"@type\":\"ReadAction\",\"target\":[\"https:\/\/www.viethuong.com.vn\/vi\/huong-lieu-cho-cac-san-pham-bo-sua\/\"]}]},{\"@type\":\"BreadcrumbList\",\"@id\":\"https:\/\/www.viethuong.com.vn\/vi\/huong-lieu-cho-cac-san-pham-bo-sua\/#breadcrumb\",\"itemListElement\":[{\"@type\":\"ListItem\",\"position\":1,\"name\":\"Home\",\"item\":\"https:\/\/www.viethuong.com.vn\/vi\/\"},{\"@type\":\"ListItem\",\"position\":2,\"name\":\"H\u01b0\u01a1ng Li\u1ec7u Cho C\u00e1c S\u1ea3n Ph\u1ea9m S\u1eefa v\u00e0 Kem\"}]},{\"@type\":\"WebSite\",\"@id\":\"https:\/\/www.viethuong.com.vn\/#website\",\"url\":\"https:\/\/www.viethuong.com.vn\/\",\"name\":\"Viet huong\",\"description\":\"Flavour of life\",\"publisher\":{\"@id\":\"https:\/\/www.viethuong.com.vn\/#organization\"},\"potentialAction\":[{\"@type\":\"SearchAction\",\"target\":{\"@type\":\"EntryPoint\",\"urlTemplate\":\"https:\/\/www.viethuong.com.vn\/?s={search_term_string}\"},\"query-input\":\"required name=search_term_string\"}],\"inLanguage\":\"vi-VN\"},{\"@type\":\"Organization\",\"@id\":\"https:\/\/www.viethuong.com.vn\/#organization\",\"name\":\"C\u00f4ng ty C\u1ed5 ph\u1ea7n H\u01b0\u01a1ng li\u1ec7u Vi\u1ec7t H\u01b0\u01a1ng\",\"url\":\"https:\/\/www.viethuong.com.vn\/\",\"logo\":{\"@type\":\"ImageObject\",\"inLanguage\":\"vi-VN\",\"@id\":\"https:\/\/www.viethuong.com.vn\/#\/schema\/logo\/image\/\",\"url\":\"https:\/\/www.viethuong.com.vn\/wp-content\/uploads\/2020\/03\/LOGO-VH.png\",\"contentUrl\":\"https:\/\/www.viethuong.com.vn\/wp-content\/uploads\/2020\/03\/LOGO-VH.png\",\"width\":512,\"height\":511,\"caption\":\"C\u00f4ng ty C\u1ed5 ph\u1ea7n H\u01b0\u01a1ng li\u1ec7u Vi\u1ec7t H\u01b0\u01a1ng\"},\"image\":{\"@id\":\"https:\/\/www.viethuong.com.vn\/#\/schema\/logo\/image\/\"},\"sameAs\":[\"https:\/\/www.facebook.com\/huonglieuviethuong\",\"https:\/\/www.linkedin.com\/in\/viethuong-flavour-fragrance\/\",\"https:\/\/www.youtube.com\/channel\/UC2xUv9BaiZxsP2ik_uhgs1Q\"]}]}<\/script>\n<!-- \/ Yoast SEO plugin. -->","yoast_head_json":{"title":"H\u01b0\u01a1ng li\u1ec7u cho c\u00e1c s\u1ea3n ph\u1ea9m b\u01a1 s\u1eefa - H\u01b0\u01a1ng li\u1ec7u Vi\u1ec7t H\u01b0\u01a1ng","description":"H\u01b0\u01a1ng li\u1ec7u cho c\u00e1c s\u1ea3n ph\u1ea9m b\u01a1 s\u1eefa \u0111\u00e3 \u0111\u01b0\u1ee3c s\u1eed d\u1ee5ng ph\u1ed5 bi\u1ebfn. \u0110\u00e2y l\u00e0 nh\u00f3m ch\u1ea5t ph\u1ee5 gia th\u1ef1c ph\u1ea9m gi\u00fap s\u1ea3n ph\u1ea9m b\u01a1 s\u1eefa h\u1ea5p d\u1eabn h\u01a1n v\u1ec1 h\u01b0\u01a1ng v\u1ecb v\u00e0 m\u00e0u s\u1eafc.","robots":{"index":"index","follow":"follow","max-snippet":"max-snippet:-1","max-image-preview":"max-image-preview:large","max-video-preview":"max-video-preview:-1"},"canonical":"https:\/\/www.viethuong.com.vn\/vi\/huong-lieu-cho-cac-san-pham-bo-sua\/","og_locale":"vi_VN","og_type":"article","og_title":"H\u01b0\u01a1ng li\u1ec7u cho c\u00e1c s\u1ea3n ph\u1ea9m b\u01a1 s\u1eefa - H\u01b0\u01a1ng li\u1ec7u Vi\u1ec7t H\u01b0\u01a1ng","og_description":"H\u01b0\u01a1ng li\u1ec7u cho c\u00e1c s\u1ea3n ph\u1ea9m b\u01a1 s\u1eefa \u0111\u00e3 \u0111\u01b0\u1ee3c s\u1eed d\u1ee5ng ph\u1ed5 bi\u1ebfn. \u0110\u00e2y l\u00e0 nh\u00f3m ch\u1ea5t ph\u1ee5 gia th\u1ef1c ph\u1ea9m gi\u00fap s\u1ea3n ph\u1ea9m b\u01a1 s\u1eefa h\u1ea5p d\u1eabn h\u01a1n v\u1ec1 h\u01b0\u01a1ng v\u1ecb v\u00e0 m\u00e0u s\u1eafc.","og_url":"https:\/\/www.viethuong.com.vn\/vi\/huong-lieu-cho-cac-san-pham-bo-sua\/","og_site_name":"Viet huong","article_publisher":"https:\/\/www.facebook.com\/huonglieuviethuong","article_modified_time":"2022-12-01T08:12:40+00:00","twitter_card":"summary_large_image","twitter_misc":{"Est. reading time":"2 minutes"},"schema":{"@context":"https:\/\/schema.org","@graph":[{"@type":"WebPage","@id":"https:\/\/www.viethuong.com.vn\/vi\/huong-lieu-cho-cac-san-pham-bo-sua\/","url":"https:\/\/www.viethuong.com.vn\/vi\/huong-lieu-cho-cac-san-pham-bo-sua\/","name":"H\u01b0\u01a1ng li\u1ec7u cho c\u00e1c s\u1ea3n ph\u1ea9m b\u01a1 s\u1eefa - H\u01b0\u01a1ng li\u1ec7u Vi\u1ec7t H\u01b0\u01a1ng","isPartOf":{"@id":"https:\/\/www.viethuong.com.vn\/#website"},"datePublished":"2020-05-14T10:28:10+00:00","dateModified":"2022-12-01T08:12:40+00:00","description":"H\u01b0\u01a1ng li\u1ec7u cho c\u00e1c s\u1ea3n ph\u1ea9m b\u01a1 s\u1eefa \u0111\u00e3 \u0111\u01b0\u1ee3c s\u1eed d\u1ee5ng ph\u1ed5 bi\u1ebfn. \u0110\u00e2y l\u00e0 nh\u00f3m ch\u1ea5t ph\u1ee5 gia th\u1ef1c ph\u1ea9m gi\u00fap s\u1ea3n ph\u1ea9m b\u01a1 s\u1eefa h\u1ea5p d\u1eabn h\u01a1n v\u1ec1 h\u01b0\u01a1ng v\u1ecb v\u00e0 m\u00e0u s\u1eafc.","breadcrumb":{"@id":"https:\/\/www.viethuong.com.vn\/vi\/huong-lieu-cho-cac-san-pham-bo-sua\/#breadcrumb"},"inLanguage":"vi-VN","potentialAction":[{"@type":"ReadAction","target":["https:\/\/www.viethuong.com.vn\/vi\/huong-lieu-cho-cac-san-pham-bo-sua\/"]}]},{"@type":"BreadcrumbList","@id":"https:\/\/www.viethuong.com.vn\/vi\/huong-lieu-cho-cac-san-pham-bo-sua\/#breadcrumb","itemListElement":[{"@type":"ListItem","position":1,"name":"Home","item":"https:\/\/www.viethuong.com.vn\/vi\/"},{"@type":"ListItem","position":2,"name":"H\u01b0\u01a1ng Li\u1ec7u Cho C\u00e1c S\u1ea3n Ph\u1ea9m S\u1eefa v\u00e0 Kem"}]},{"@type":"WebSite","@id":"https:\/\/www.viethuong.com.vn\/#website","url":"https:\/\/www.viethuong.com.vn\/","name":"Viet huong","description":"Flavour of life","publisher":{"@id":"https:\/\/www.viethuong.com.vn\/#organization"},"potentialAction":[{"@type":"SearchAction","target":{"@type":"EntryPoint","urlTemplate":"https:\/\/www.viethuong.com.vn\/?s={search_term_string}"},"query-input":"required name=search_term_string"}],"inLanguage":"vi-VN"},{"@type":"Organization","@id":"https:\/\/www.viethuong.com.vn\/#organization","name":"C\u00f4ng ty C\u1ed5 ph\u1ea7n H\u01b0\u01a1ng li\u1ec7u Vi\u1ec7t H\u01b0\u01a1ng","url":"https:\/\/www.viethuong.com.vn\/","logo":{"@type":"ImageObject","inLanguage":"vi-VN","@id":"https:\/\/www.viethuong.com.vn\/#\/schema\/logo\/image\/","url":"https:\/\/www.viethuong.com.vn\/wp-content\/uploads\/2020\/03\/LOGO-VH.png","contentUrl":"https:\/\/www.viethuong.com.vn\/wp-content\/uploads\/2020\/03\/LOGO-VH.png","width":512,"height":511,"caption":"C\u00f4ng ty C\u1ed5 ph\u1ea7n H\u01b0\u01a1ng li\u1ec7u Vi\u1ec7t H\u01b0\u01a1ng"},"image":{"@id":"https:\/\/www.viethuong.com.vn\/#\/schema\/logo\/image\/"},"sameAs":["https:\/\/www.facebook.com\/huonglieuviethuong","https:\/\/www.linkedin.com\/in\/viethuong-flavour-fragrance\/","https:\/\/www.youtube.com\/channel\/UC2xUv9BaiZxsP2ik_uhgs1Q"]}]}},"_links":{"self":[{"href":"https:\/\/www.viethuong.com.vn\/vi\/wp-json\/wp\/v2\/pages\/5351"}],"collection":[{"href":"https:\/\/www.viethuong.com.vn\/vi\/wp-json\/wp\/v2\/pages"}],"about":[{"href":"https:\/\/www.viethuong.com.vn\/vi\/wp-json\/wp\/v2\/types\/page"}],"author":[{"embeddable":true,"href":"https:\/\/www.viethuong.com.vn\/vi\/wp-json\/wp\/v2\/users\/4"}],"replies":[{"embeddable":true,"href":"https:\/\/www.viethuong.com.vn\/vi\/wp-json\/wp\/v2\/comments?post=5351"}],"version-history":[{"count":40,"href":"https:\/\/www.viethuong.com.vn\/vi\/wp-json\/wp\/v2\/pages\/5351\/revisions"}],"predecessor-version":[{"id":11782,"href":"https:\/\/www.viethuong.com.vn\/vi\/wp-json\/wp\/v2\/pages\/5351\/revisions\/11782"}],"wp:attachment":[{"href":"https:\/\/www.viethuong.com.vn\/vi\/wp-json\/wp\/v2\/media?parent=5351"}],"curies":[{"name":"wp","href":"https:\/\/api.w.org\/{rel}","templated":true}]}}