{"id":516,"date":"2019-04-19T09:20:37","date_gmt":"2019-04-19T09:20:37","guid":{"rendered":"https:\/\/vinaromadev.ga\/?page_id=516"},"modified":"2026-03-20T14:32:19","modified_gmt":"2026-03-20T07:32:19","slug":"lien-he","status":"publish","type":"page","link":"https:\/\/www.viethuong.com.vn\/vi\/lien-he\/","title":{"rendered":"Li\u00ean H\u1ec7"},"content":{"rendered":"\t\t<div data-elementor-type=\"wp-page\" data-elementor-id=\"516\" class=\"elementor elementor-516 elementor-237\" data-elementor-post-type=\"page\">\n\t\t\t\t\t\t<section class=\"elementor-section elementor-top-section elementor-element elementor-element-9a78ed8 elementor-section-height-min-height elementor-section-stretched elementor-section-content-middle elementor-section-boxed elementor-section-height-default elementor-section-items-middle\" data-id=\"9a78ed8\" data-element_type=\"section\" data-settings=\"{&quot;stretch_section&quot;:&quot;section-stretched&quot;,&quot;background_background&quot;:&quot;classic&quot;}\">\n\t\t\t\t\t\t\t<div class=\"elementor-background-overlay\"><\/div>\n\t\t\t\t\t\t\t<div class=\"elementor-container elementor-column-gap-default\">\n\t\t\t\t\t<div class=\"elementor-column elementor-col-100 elementor-top-column elementor-element elementor-element-8d63682\" data-id=\"8d63682\" data-element_type=\"column\">\n\t\t\t<div class=\"elementor-widget-wrap elementor-element-populated\">\n\t\t\t\t\t\t<div class=\"elementor-element elementor-element-32a2d3f elementor-widget__width-initial elementor-absolute elementor-widget elementor-widget-heading\" data-id=\"32a2d3f\" data-element_type=\"widget\" data-settings=\"{&quot;_position&quot;:&quot;absolute&quot;}\" data-widget_type=\"heading.default\">\n\t\t\t\t<div class=\"elementor-widget-container\">\n\t\t\t<h2 class=\"elementor-heading-title elementor-size-default\">C\u00f4ng ty C\u1ed5 ph\u1ea7n H\u01b0\u01a1ng li\u1ec7u Vi\u1ec7t H\u01b0\u01a1ng<\/h2>\t\t<\/div>\n\t\t\t\t<\/div>\n\t\t\t\t<div class=\"elementor-element elementor-element-9275b41 elementor-absolute elementor-widget elementor-widget-image\" data-id=\"9275b41\" data-element_type=\"widget\" data-settings=\"{&quot;_position&quot;:&quot;absolute&quot;}\" data-widget_type=\"image.default\">\n\t\t\t\t<div class=\"elementor-widget-container\">\n\t\t\t\t\t\t\t\t\t\t\t\t\t<img decoding=\"async\" width=\"300\" height=\"157\" src=\"https:\/\/www.viethuong.com.vn\/wp-content\/uploads\/2026\/02\/white-logo-30-nam-e1746761722522-1-1-300x157.png\" class=\"attachment-medium size-medium wp-image-19785\" alt=\"\" srcset=\"https:\/\/www.viethuong.com.vn\/wp-content\/uploads\/2026\/02\/white-logo-30-nam-e1746761722522-1-1-300x157.png 300w, https:\/\/www.viethuong.com.vn\/wp-content\/uploads\/2026\/02\/white-logo-30-nam-e1746761722522-1-1-1024x537.png 1024w, https:\/\/www.viethuong.com.vn\/wp-content\/uploads\/2026\/02\/white-logo-30-nam-e1746761722522-1-1-768x403.png 768w, https:\/\/www.viethuong.com.vn\/wp-content\/uploads\/2026\/02\/white-logo-30-nam-e1746761722522-1-1-1536x806.png 1536w, https:\/\/www.viethuong.com.vn\/wp-content\/uploads\/2026\/02\/white-logo-30-nam-e1746761722522-1-1-2048x1075.png 2048w\" sizes=\"(max-width: 300px) 100vw, 300px\" \/>\t\t\t\t\t\t\t\t\t\t\t\t\t<\/div>\n\t\t\t\t<\/div>\n\t\t\t\t\t<\/div>\n\t\t<\/div>\n\t\t\t\t\t<\/div>\n\t\t<\/section>\n\t\t\t\t<section class=\"elementor-section elementor-top-section elementor-element elementor-element-bee2304 elementor-section-boxed elementor-section-height-default elementor-section-height-default\" data-id=\"bee2304\" data-element_type=\"section\">\n\t\t\t\t\t\t<div class=\"elementor-container elementor-column-gap-default\">\n\t\t\t\t\t<div class=\"elementor-column elementor-col-50 elementor-top-column elementor-element elementor-element-15f6227\" data-id=\"15f6227\" data-element_type=\"column\">\n\t\t\t<div class=\"elementor-widget-wrap elementor-element-populated\">\n\t\t\t\t\t\t<div class=\"elementor-element elementor-element-fdf8587 elementor-widget elementor-widget-heading\" data-id=\"fdf8587\" data-element_type=\"widget\" data-widget_type=\"heading.default\">\n\t\t\t\t<div class=\"elementor-widget-container\">\n\t\t\t<h2 class=\"elementor-heading-title elementor-size-default\">Tr\u1ee5 S\u1edf Ch\u00ednh\/Nh\u00e0 M\u00e1y Long H\u1eadu<\/h2>\t\t<\/div>\n\t\t\t\t<\/div>\n\t\t\t\t<div class=\"elementor-element elementor-element-aa2d8cd elementor-widget elementor-widget-text-editor\" data-id=\"aa2d8cd\" data-element_type=\"widget\" data-widget_type=\"text-editor.default\">\n\t\t\t\t<div class=\"elementor-widget-container\">\n\t\t\t\t\t\t\t<p style=\"text-align: justify;\">L\u00f4 T-1, \u0111\u01b0\u1eddng Trung T\u00e2m, KCN Long H\u1eadu M\u1edf R\u1ed9ng, X\u00e3 C\u1ea7n Giu\u1ed9c, T\u1ec9nh T\u00e2y Ninh, Vi\u1ec7t Nam.<\/p><p>\u0110i\u1ec7n tho\u1ea1i: (028) 3551 2778<\/p><p>Fax: (028) 3551 2779<\/p><p>Email: <a href=\"mailto:info@viethuong.com.vn\">info@viethuong.com.vn<\/a><\/p>\t\t\t\t\t\t<\/div>\n\t\t\t\t<\/div>\n\t\t\t\t\t<\/div>\n\t\t<\/div>\n\t\t\t\t<div class=\"elementor-column elementor-col-50 elementor-top-column elementor-element elementor-element-2215b0c\" data-id=\"2215b0c\" data-element_type=\"column\">\n\t\t\t<div class=\"elementor-widget-wrap elementor-element-populated\">\n\t\t\t\t\t\t<div class=\"elementor-element elementor-element-ca59396 elementor-widget elementor-widget-heading\" data-id=\"ca59396\" data-element_type=\"widget\" data-widget_type=\"heading.default\">\n\t\t\t\t<div class=\"elementor-widget-container\">\n\t\t\t<h2 class=\"elementor-heading-title elementor-size-default\">Chi nh\u00e1nh H\u00e0 N\u1ed9i<\/h2>\t\t<\/div>\n\t\t\t\t<\/div>\n\t\t\t\t<div class=\"elementor-element elementor-element-37315d1 elementor-widget elementor-widget-text-editor\" data-id=\"37315d1\" data-element_type=\"widget\" data-widget_type=\"text-editor.default\">\n\t\t\t\t<div class=\"elementor-widget-container\">\n\t\t\t\t\t\t\t<p style=\"text-align: justify;\"><span style=\"font-family: helvetica, arial, sans-serif;\">S\u1ed1 nh\u00e0 27, Ng\u00f5 37 ph\u1ed1 Nguy\u1ec5n B\u00e1 Kho\u1ea3n, Ph\u01b0\u1eddng Y\u00ean H\u00f2a, Th\u00e0nh ph\u1ed1 H\u00e0 N\u1ed9i, Vi\u1ec7t Nam.<\/span><\/p><p style=\"text-align: justify;\"><span style=\"font-family: helvetica, arial, sans-serif;\">\u0110i\u1ec7n tho\u1ea1i: (024) 3771 2150<\/span><\/p><p style=\"text-align: justify;\"><span style=\"font-family: helvetica, arial, sans-serif;\">Fax (024) 3771 2151<\/span><\/p><p style=\"text-align: justify;\"><span style=\"font-family: helvetica, arial, sans-serif;\">Email: <a href=\"mailto:info@viethuong.com.vn\">info@viethuong.com.vn<\/a><\/span><\/p>\t\t\t\t\t\t<\/div>\n\t\t\t\t<\/div>\n\t\t\t\t\t<\/div>\n\t\t<\/div>\n\t\t\t\t\t<\/div>\n\t\t<\/section>\n\t\t\t\t<section class=\"elementor-section elementor-top-section elementor-element elementor-element-3cecba0 elementor-section-stretched elementor-section-boxed elementor-section-height-default elementor-section-height-default\" data-id=\"3cecba0\" data-element_type=\"section\" data-settings=\"{&quot;stretch_section&quot;:&quot;section-stretched&quot;}\">\n\t\t\t\t\t\t<div class=\"elementor-container elementor-column-gap-default\">\n\t\t\t\t\t<div class=\"elementor-column elementor-col-100 elementor-top-column elementor-element elementor-element-a0b2f97\" data-id=\"a0b2f97\" data-element_type=\"column\">\n\t\t\t<div class=\"elementor-widget-wrap elementor-element-populated\">\n\t\t\t\t\t\t<section class=\"elementor-section elementor-inner-section elementor-element elementor-element-5ff16e6 elementor-section-full_width elementor-section-height-default elementor-section-height-default\" data-id=\"5ff16e6\" data-element_type=\"section\">\n\t\t\t\t\t\t<div class=\"elementor-container elementor-column-gap-default\">\n\t\t\t\t\t<div class=\"elementor-column elementor-col-100 elementor-inner-column elementor-element elementor-element-87afb0f\" data-id=\"87afb0f\" data-element_type=\"column\">\n\t\t\t<div class=\"elementor-widget-wrap elementor-element-populated\">\n\t\t\t\t\t\t<div class=\"elementor-element elementor-element-d92c1df elementor-widget elementor-widget-google_maps\" data-id=\"d92c1df\" data-element_type=\"widget\" data-widget_type=\"google_maps.default\">\n\t\t\t\t<div class=\"elementor-widget-container\">\n\t\t\t\t\t<div class=\"elementor-custom-embed\">\n\t\t\t<iframe loading=\"lazy\"\n\t\t\t\t\tsrc=\"https:\/\/maps.google.com\/maps?q=H%C6%B0%C6%A1ng%20Li%E1%BB%87u%20Vi%E1%BB%87t%20H%C6%B0%C6%A1ng&#038;t=m&#038;z=15&#038;output=embed&#038;iwloc=near\"\n\t\t\t\t\ttitle=\"H\u01b0\u01a1ng Li\u1ec7u Vi\u1ec7t H\u01b0\u01a1ng\"\n\t\t\t\t\taria-label=\"H\u01b0\u01a1ng Li\u1ec7u Vi\u1ec7t H\u01b0\u01a1ng\"\n\t\t\t><\/iframe>\n\t\t<\/div>\n\t\t\t\t<\/div>\n\t\t\t\t<\/div>\n\t\t\t\t\t<\/div>\n\t\t<\/div>\n\t\t\t\t\t<\/div>\n\t\t<\/section>\n\t\t\t\t\t<\/div>\n\t\t<\/div>\n\t\t\t\t\t<\/div>\n\t\t<\/section>\n\t\t\t\t<section class=\"elementor-section elementor-top-section elementor-element elementor-element-0ad9c07 elementor-section-boxed elementor-section-height-default elementor-section-height-default\" data-id=\"0ad9c07\" data-element_type=\"section\">\n\t\t\t\t\t\t<div class=\"elementor-container elementor-column-gap-default\">\n\t\t\t\t\t<div class=\"elementor-column elementor-col-100 elementor-top-column elementor-element elementor-element-e3f9a18\" data-id=\"e3f9a18\" data-element_type=\"column\">\n\t\t\t<div class=\"elementor-widget-wrap elementor-element-populated\">\n\t\t\t\t\t\t<section class=\"elementor-section elementor-inner-section elementor-element elementor-element-5e74b17 elementor-section-boxed elementor-section-height-default elementor-section-height-default\" data-id=\"5e74b17\" data-element_type=\"section\" data-settings=\"{&quot;background_background&quot;:&quot;classic&quot;}\">\n\t\t\t\t\t\t<div class=\"elementor-container elementor-column-gap-default\">\n\t\t\t\t\t<div class=\"elementor-column elementor-col-50 elementor-inner-column elementor-element elementor-element-f51a869\" data-id=\"f51a869\" data-element_type=\"column\" data-settings=\"{&quot;background_background&quot;:&quot;classic&quot;}\">\n\t\t\t<div class=\"elementor-widget-wrap elementor-element-populated\">\n\t\t\t\t\t\t<div class=\"elementor-element elementor-element-757889b elementor-absolute elementor-widget elementor-widget-heading\" data-id=\"757889b\" data-element_type=\"widget\" data-settings=\"{&quot;_position&quot;:&quot;absolute&quot;}\" data-widget_type=\"heading.default\">\n\t\t\t\t<div class=\"elementor-widget-container\">\n\t\t\t<h1 class=\"elementor-heading-title elementor-size-default\">Li\u00ean h\u1ec7 v\u1edbi ch\u00fang t\u00f4i<\/h1>\t\t<\/div>\n\t\t\t\t<\/div>\n\t\t\t\t<div class=\"elementor-element elementor-element-04c47d0 elementor-absolute elementor-widget elementor-widget-text-editor\" data-id=\"04c47d0\" data-element_type=\"widget\" data-settings=\"{&quot;_position&quot;:&quot;absolute&quot;}\" data-widget_type=\"text-editor.default\">\n\t\t\t\t<div class=\"elementor-widget-container\">\n\t\t\t\t\t\t\t<p>Gi\u00e1 tr\u1ecb c\u1ed1t l\u00f5i c\u1ee7a ch\u00fang t\u00f4i l\u00e0 \u0111\u1ed3ng h\u00e0nh c\u00f9ng kh\u00e1ch h\u00e0ng trong vi\u1ec7c s\u1ea3n xu\u1ea5t c\u00e1c s\u1ea3n ph\u1ea9m ch\u1ea5t l\u01b0\u1ee3ng nh\u1ea5t. T\u1eeb nhu c\u1ea7u t\u00ecm m\u1eabu th\u1eed \u0111\u1ebfn nh\u1eefng th\u1ea3o lu\u1eadn v\u1ec1 th\u00f4ng s\u1ed1 k\u1ef9 thu\u1eadt s\u1ea3n ph\u1ea9m, ch\u00fang t\u00f4i lu\u00f4n ch\u00fang t\u00f4i s\u1eb5n s\u00e0ng h\u1ed7 tr\u1ee3 b\u1ea1n t\u00ecm hi\u1ec3u th\u00eam v\u1ec1 c\u00e1c lo\u1ea1i h\u01b0\u01a1ng th\u1ef1c ph\u1ea9m, h\u01b0\u01a1ng m\u1ef9 ph\u1ea9m, c\u00e1c s\u1ea3n ph\u1ea9m chi\u1ebft xu\u1ea5t c\u1ee7a Vi\u1ec7t H\u01b0\u01a1ng.<\/p><p>H\u00e3y li\u00ean h\u1ec7 v\u1edbi ch\u00fang t\u00f4i ngay h\u00f4m nay!<\/p>\t\t\t\t\t\t<\/div>\n\t\t\t\t<\/div>\n\t\t\t\t\t<\/div>\n\t\t<\/div>\n\t\t\t\t<div class=\"elementor-column elementor-col-50 elementor-inner-column elementor-element elementor-element-3dd7409\" data-id=\"3dd7409\" data-element_type=\"column\">\n\t\t\t<div class=\"elementor-widget-wrap elementor-element-populated\">\n\t\t\t\t\t\t<div class=\"elementor-element elementor-element-298eb22 elementor-widget elementor-widget-html\" data-id=\"298eb22\" data-element_type=\"widget\" data-widget_type=\"html.default\">\n\t\t\t\t<div class=\"elementor-widget-container\">\n\t\t\t<script id=\"_bownow_cs_sid_cdd1dd6136ce88b33676\">\nvar _bownow_cs_sid_cdd1dd6136ce88b33676 = document.createElement('script');\n_bownow_cs_sid_cdd1dd6136ce88b33676.charset = 'utf-8';\n_bownow_cs_sid_cdd1dd6136ce88b33676.src = 'https:\/\/contents.bownow.jp\/forms\/sid_cdd1dd6136ce88b33676\/trace.js';\ndocument.getElementsByTagName('head')[0].appendChild(_bownow_cs_sid_cdd1dd6136ce88b33676);\n<\/script>\t\t<\/div>\n\t\t\t\t<\/div>\n\t\t\t\t\t<\/div>\n\t\t<\/div>\n\t\t\t\t\t<\/div>\n\t\t<\/section>\n\t\t\t\t\t<\/div>\n\t\t<\/div>\n\t\t\t\t\t<\/div>\n\t\t<\/section>\n\t\t\t\t<section class=\"elementor-section elementor-top-section elementor-element elementor-element-c10e12d elementor-section-boxed elementor-section-height-default elementor-section-height-default\" data-id=\"c10e12d\" data-element_type=\"section\">\n\t\t\t\t\t\t<div class=\"elementor-container elementor-column-gap-default\">\n\t\t\t\t\t<div class=\"elementor-column elementor-col-100 elementor-top-column elementor-element elementor-element-1239158\" data-id=\"1239158\" data-element_type=\"column\">\n\t\t\t<div class=\"elementor-widget-wrap elementor-element-populated\">\n\t\t\t\t\t\t<div class=\"elementor-element elementor-element-7e9f047 elementor-widget-divider--view-line elementor-widget elementor-widget-divider\" data-id=\"7e9f047\" data-element_type=\"widget\" data-widget_type=\"divider.default\">\n\t\t\t\t<div class=\"elementor-widget-container\">\n\t\t\t\t\t<div class=\"elementor-divider\">\n\t\t\t<span class=\"elementor-divider-separator\">\n\t\t\t\t\t\t<\/span>\n\t\t<\/div>\n\t\t\t\t<\/div>\n\t\t\t\t<\/div>\n\t\t\t\t\t<\/div>\n\t\t<\/div>\n\t\t\t\t\t<\/div>\n\t\t<\/section>\n\t\t\t\t<section class=\"elementor-section elementor-top-section elementor-element elementor-element-d73a4f3 elementor-section-boxed elementor-section-height-default elementor-section-height-default\" data-id=\"d73a4f3\" data-element_type=\"section\">\n\t\t\t\t\t\t<div class=\"elementor-container elementor-column-gap-default\">\n\t\t\t\t\t<div class=\"elementor-column elementor-col-100 elementor-top-column elementor-element elementor-element-5fd914f\" data-id=\"5fd914f\" data-element_type=\"column\">\n\t\t\t<div class=\"elementor-widget-wrap elementor-element-populated\">\n\t\t\t\t\t\t<div class=\"elementor-element elementor-element-eadf57b elementor-widget elementor-widget-image\" data-id=\"eadf57b\" data-element_type=\"widget\" data-widget_type=\"image.default\">\n\t\t\t\t<div class=\"elementor-widget-container\">\n\t\t\t\t\t\t\t\t\t\t\t\t\t<img fetchpriority=\"high\" decoding=\"async\" width=\"768\" height=\"362\" src=\"https:\/\/www.viethuong.com.vn\/wp-content\/uploads\/2025\/06\/VH-Viet-LOGO-52025-01-768x362.png\" class=\"attachment-medium_large size-medium_large wp-image-17472\" alt=\"\" srcset=\"https:\/\/www.viethuong.com.vn\/wp-content\/uploads\/2025\/06\/VH-Viet-LOGO-52025-01-768x362.png 768w, https:\/\/www.viethuong.com.vn\/wp-content\/uploads\/2025\/06\/VH-Viet-LOGO-52025-01-300x141.png 300w, https:\/\/www.viethuong.com.vn\/wp-content\/uploads\/2025\/06\/VH-Viet-LOGO-52025-01-1024x483.png 1024w, https:\/\/www.viethuong.com.vn\/wp-content\/uploads\/2025\/06\/VH-Viet-LOGO-52025-01-1536x724.png 1536w, https:\/\/www.viethuong.com.vn\/wp-content\/uploads\/2025\/06\/VH-Viet-LOGO-52025-01-2048x966.png 2048w\" sizes=\"(max-width: 768px) 100vw, 768px\" \/>\t\t\t\t\t\t\t\t\t\t\t\t\t<\/div>\n\t\t\t\t<\/div>\n\t\t\t\t\t<\/div>\n\t\t<\/div>\n\t\t\t\t\t<\/div>\n\t\t<\/section>\n\t\t\t\t<\/div>\n\t\t","protected":false},"excerpt":{"rendered":"<p>C\u00f4ng ty C\u1ed5 ph\u1ea7n H\u01b0\u01a1ng li\u1ec7u Vi\u1ec7t H\u01b0\u01a1ng Tr\u1ee5 S\u1edf Ch\u00ednh\/Nh\u00e0 M\u00e1y Long H\u1eadu L\u00f4 T-1, \u0111\u01b0\u1eddng Trung T\u00e2m, KCN Long H\u1eadu M\u1edf R\u1ed9ng, X\u00e3 C\u1ea7n Giu\u1ed9c, T\u1ec9nh T\u00e2y Ninh, Vi\u1ec7t Nam. \u0110i\u1ec7n tho\u1ea1i: (028) 3551 2778 Fax: (028) 3551 2779 Email: info@viethuong.com.vn Chi nh\u00e1nh H\u00e0 N\u1ed9i S\u1ed1 nh\u00e0 27, Ng\u00f5 37 ph\u1ed1 Nguy\u1ec5n B\u00e1 [&hellip;]<\/p>\n","protected":false},"author":1,"featured_media":0,"parent":0,"menu_order":0,"comment_status":"closed","ping_status":"closed","template":"elementor_header_footer","meta":{"ngg_post_thumbnail":0},"featured_image_src":null,"yoast_head":"<!-- This site is optimized with the Yoast SEO plugin v21.8.1 - https:\/\/yoast.com\/wordpress\/plugins\/seo\/ -->\n<title>Li\u00ean H\u1ec7 - C\u00f4ng Ty C\u1ed5 Ph\u1ea7n H\u01b0\u01a1ng Li\u1ec7u Vi\u1ec7t H\u01b0\u01a1ng<\/title>\n<meta name=\"description\" content=\"C\u00f4ng ty c\u1ed5 ph\u1ea7n H\u01b0\u01a1ng li\u1ec7u Vi\u1ec7t H\u01b0\u01a1ng. Tr\u1ee5 s\u1edf ch\u00ednh: S\u1ed1 3 Nguy\u1ec5n Huy T\u01b0\u1edfng, P.6, Q. B\u00ecnh Th\u1ea1nh, TPHCM.\u00a0\u0110i\u1ec7n tho\u1ea1i: (028) 355.12.790 - 355.12.791 355.12.792.\" \/>\n<meta name=\"robots\" content=\"index, follow, max-snippet:-1, max-image-preview:large, max-video-preview:-1\" \/>\n<link rel=\"canonical\" href=\"https:\/\/www.viethuong.com.vn\/contact\/\" \/>\n<meta property=\"og:locale\" content=\"vi_VN\" \/>\n<meta property=\"og:type\" content=\"article\" \/>\n<meta property=\"og:title\" content=\"Li\u00ean H\u1ec7 - C\u00f4ng Ty C\u1ed5 Ph\u1ea7n H\u01b0\u01a1ng Li\u1ec7u Vi\u1ec7t H\u01b0\u01a1ng\" \/>\n<meta property=\"og:description\" content=\"C\u00f4ng ty c\u1ed5 ph\u1ea7n H\u01b0\u01a1ng li\u1ec7u Vi\u1ec7t H\u01b0\u01a1ng. Tr\u1ee5 s\u1edf ch\u00ednh: S\u1ed1 3 Nguy\u1ec5n Huy T\u01b0\u1edfng, P.6, Q. B\u00ecnh Th\u1ea1nh, TPHCM.\u00a0\u0110i\u1ec7n tho\u1ea1i: (028) 355.12.790 - 355.12.791 355.12.792.\" \/>\n<meta property=\"og:url\" content=\"https:\/\/www.viethuong.com.vn\/contact\/\" \/>\n<meta property=\"og:site_name\" content=\"Viet huong\" \/>\n<meta property=\"article:publisher\" content=\"https:\/\/www.facebook.com\/huonglieuviethuong\" \/>\n<meta property=\"article:modified_time\" content=\"2026-03-20T07:32:19+00:00\" \/>\n<meta property=\"og:image\" content=\"https:\/\/www.viethuong.com.vn\/wp-content\/uploads\/2026\/02\/white-logo-30-nam-e1746761722522-1-1-300x157.png\" \/>\n<meta name=\"twitter:card\" content=\"summary_large_image\" \/>\n<meta name=\"twitter:label1\" content=\"Est. reading time\" \/>\n\t<meta name=\"twitter:data1\" content=\"2 minutes\" \/>\n<script type=\"application\/ld+json\" class=\"yoast-schema-graph\">{\"@context\":\"https:\/\/schema.org\",\"@graph\":[{\"@type\":\"WebPage\",\"@id\":\"https:\/\/www.viethuong.com.vn\/contact\/\",\"url\":\"https:\/\/www.viethuong.com.vn\/contact\/\",\"name\":\"Li\u00ean H\u1ec7 - C\u00f4ng Ty C\u1ed5 Ph\u1ea7n H\u01b0\u01a1ng Li\u1ec7u Vi\u1ec7t H\u01b0\u01a1ng\",\"isPartOf\":{\"@id\":\"https:\/\/www.viethuong.com.vn\/#website\"},\"datePublished\":\"2019-04-19T09:20:37+00:00\",\"dateModified\":\"2026-03-20T07:32:19+00:00\",\"description\":\"C\u00f4ng ty c\u1ed5 ph\u1ea7n H\u01b0\u01a1ng li\u1ec7u Vi\u1ec7t H\u01b0\u01a1ng. Tr\u1ee5 s\u1edf ch\u00ednh: S\u1ed1 3 Nguy\u1ec5n Huy T\u01b0\u1edfng, P.6, Q. B\u00ecnh Th\u1ea1nh, TPHCM.\u00a0\u0110i\u1ec7n tho\u1ea1i: (028) 355.12.790 - 355.12.791 355.12.792.\",\"breadcrumb\":{\"@id\":\"https:\/\/www.viethuong.com.vn\/contact\/#breadcrumb\"},\"inLanguage\":\"vi-VN\",\"potentialAction\":[{\"@type\":\"ReadAction\",\"target\":[\"https:\/\/www.viethuong.com.vn\/contact\/\"]}]},{\"@type\":\"BreadcrumbList\",\"@id\":\"https:\/\/www.viethuong.com.vn\/contact\/#breadcrumb\",\"itemListElement\":[{\"@type\":\"ListItem\",\"position\":1,\"name\":\"Home\",\"item\":\"https:\/\/www.viethuong.com.vn\/vi\/\"},{\"@type\":\"ListItem\",\"position\":2,\"name\":\"Li\u00ean H\u1ec7\"}]},{\"@type\":\"WebSite\",\"@id\":\"https:\/\/www.viethuong.com.vn\/#website\",\"url\":\"https:\/\/www.viethuong.com.vn\/\",\"name\":\"Viet huong\",\"description\":\"Flavour of life\",\"publisher\":{\"@id\":\"https:\/\/www.viethuong.com.vn\/#organization\"},\"potentialAction\":[{\"@type\":\"SearchAction\",\"target\":{\"@type\":\"EntryPoint\",\"urlTemplate\":\"https:\/\/www.viethuong.com.vn\/?s={search_term_string}\"},\"query-input\":\"required name=search_term_string\"}],\"inLanguage\":\"vi-VN\"},{\"@type\":\"Organization\",\"@id\":\"https:\/\/www.viethuong.com.vn\/#organization\",\"name\":\"C\u00f4ng ty C\u1ed5 ph\u1ea7n H\u01b0\u01a1ng li\u1ec7u Vi\u1ec7t H\u01b0\u01a1ng\",\"url\":\"https:\/\/www.viethuong.com.vn\/\",\"logo\":{\"@type\":\"ImageObject\",\"inLanguage\":\"vi-VN\",\"@id\":\"https:\/\/www.viethuong.com.vn\/#\/schema\/logo\/image\/\",\"url\":\"https:\/\/www.viethuong.com.vn\/wp-content\/uploads\/2020\/03\/LOGO-VH.png\",\"contentUrl\":\"https:\/\/www.viethuong.com.vn\/wp-content\/uploads\/2020\/03\/LOGO-VH.png\",\"width\":512,\"height\":511,\"caption\":\"C\u00f4ng ty C\u1ed5 ph\u1ea7n H\u01b0\u01a1ng li\u1ec7u Vi\u1ec7t H\u01b0\u01a1ng\"},\"image\":{\"@id\":\"https:\/\/www.viethuong.com.vn\/#\/schema\/logo\/image\/\"},\"sameAs\":[\"https:\/\/www.facebook.com\/huonglieuviethuong\",\"https:\/\/www.linkedin.com\/in\/viethuong-flavour-fragrance\/\",\"https:\/\/www.youtube.com\/channel\/UC2xUv9BaiZxsP2ik_uhgs1Q\"]}]}<\/script>\n<!-- \/ Yoast SEO plugin. -->","yoast_head_json":{"title":"Li\u00ean H\u1ec7 - C\u00f4ng Ty C\u1ed5 Ph\u1ea7n H\u01b0\u01a1ng Li\u1ec7u Vi\u1ec7t H\u01b0\u01a1ng","description":"C\u00f4ng ty c\u1ed5 ph\u1ea7n H\u01b0\u01a1ng li\u1ec7u Vi\u1ec7t H\u01b0\u01a1ng. Tr\u1ee5 s\u1edf ch\u00ednh: S\u1ed1 3 Nguy\u1ec5n Huy T\u01b0\u1edfng, P.6, Q. B\u00ecnh Th\u1ea1nh, TPHCM.\u00a0\u0110i\u1ec7n tho\u1ea1i: (028) 355.12.790 - 355.12.791 355.12.792.","robots":{"index":"index","follow":"follow","max-snippet":"max-snippet:-1","max-image-preview":"max-image-preview:large","max-video-preview":"max-video-preview:-1"},"canonical":"https:\/\/www.viethuong.com.vn\/contact\/","og_locale":"vi_VN","og_type":"article","og_title":"Li\u00ean H\u1ec7 - C\u00f4ng Ty C\u1ed5 Ph\u1ea7n H\u01b0\u01a1ng Li\u1ec7u Vi\u1ec7t H\u01b0\u01a1ng","og_description":"C\u00f4ng ty c\u1ed5 ph\u1ea7n H\u01b0\u01a1ng li\u1ec7u Vi\u1ec7t H\u01b0\u01a1ng. Tr\u1ee5 s\u1edf ch\u00ednh: S\u1ed1 3 Nguy\u1ec5n Huy T\u01b0\u1edfng, P.6, Q. B\u00ecnh Th\u1ea1nh, TPHCM.\u00a0\u0110i\u1ec7n tho\u1ea1i: (028) 355.12.790 - 355.12.791 355.12.792.","og_url":"https:\/\/www.viethuong.com.vn\/contact\/","og_site_name":"Viet huong","article_publisher":"https:\/\/www.facebook.com\/huonglieuviethuong","article_modified_time":"2026-03-20T07:32:19+00:00","og_image":[{"url":"https:\/\/www.viethuong.com.vn\/wp-content\/uploads\/2026\/02\/white-logo-30-nam-e1746761722522-1-1-300x157.png"}],"twitter_card":"summary_large_image","twitter_misc":{"Est. reading time":"2 minutes"},"schema":{"@context":"https:\/\/schema.org","@graph":[{"@type":"WebPage","@id":"https:\/\/www.viethuong.com.vn\/contact\/","url":"https:\/\/www.viethuong.com.vn\/contact\/","name":"Li\u00ean H\u1ec7 - C\u00f4ng Ty C\u1ed5 Ph\u1ea7n H\u01b0\u01a1ng Li\u1ec7u Vi\u1ec7t H\u01b0\u01a1ng","isPartOf":{"@id":"https:\/\/www.viethuong.com.vn\/#website"},"datePublished":"2019-04-19T09:20:37+00:00","dateModified":"2026-03-20T07:32:19+00:00","description":"C\u00f4ng ty c\u1ed5 ph\u1ea7n H\u01b0\u01a1ng li\u1ec7u Vi\u1ec7t H\u01b0\u01a1ng. Tr\u1ee5 s\u1edf ch\u00ednh: S\u1ed1 3 Nguy\u1ec5n Huy T\u01b0\u1edfng, P.6, Q. B\u00ecnh Th\u1ea1nh, TPHCM.\u00a0\u0110i\u1ec7n tho\u1ea1i: (028) 355.12.790 - 355.12.791 355.12.792.","breadcrumb":{"@id":"https:\/\/www.viethuong.com.vn\/contact\/#breadcrumb"},"inLanguage":"vi-VN","potentialAction":[{"@type":"ReadAction","target":["https:\/\/www.viethuong.com.vn\/contact\/"]}]},{"@type":"BreadcrumbList","@id":"https:\/\/www.viethuong.com.vn\/contact\/#breadcrumb","itemListElement":[{"@type":"ListItem","position":1,"name":"Home","item":"https:\/\/www.viethuong.com.vn\/vi\/"},{"@type":"ListItem","position":2,"name":"Li\u00ean H\u1ec7"}]},{"@type":"WebSite","@id":"https:\/\/www.viethuong.com.vn\/#website","url":"https:\/\/www.viethuong.com.vn\/","name":"Viet huong","description":"Flavour of life","publisher":{"@id":"https:\/\/www.viethuong.com.vn\/#organization"},"potentialAction":[{"@type":"SearchAction","target":{"@type":"EntryPoint","urlTemplate":"https:\/\/www.viethuong.com.vn\/?s={search_term_string}"},"query-input":"required name=search_term_string"}],"inLanguage":"vi-VN"},{"@type":"Organization","@id":"https:\/\/www.viethuong.com.vn\/#organization","name":"C\u00f4ng ty C\u1ed5 ph\u1ea7n H\u01b0\u01a1ng li\u1ec7u Vi\u1ec7t H\u01b0\u01a1ng","url":"https:\/\/www.viethuong.com.vn\/","logo":{"@type":"ImageObject","inLanguage":"vi-VN","@id":"https:\/\/www.viethuong.com.vn\/#\/schema\/logo\/image\/","url":"https:\/\/www.viethuong.com.vn\/wp-content\/uploads\/2020\/03\/LOGO-VH.png","contentUrl":"https:\/\/www.viethuong.com.vn\/wp-content\/uploads\/2020\/03\/LOGO-VH.png","width":512,"height":511,"caption":"C\u00f4ng ty C\u1ed5 ph\u1ea7n H\u01b0\u01a1ng li\u1ec7u Vi\u1ec7t H\u01b0\u01a1ng"},"image":{"@id":"https:\/\/www.viethuong.com.vn\/#\/schema\/logo\/image\/"},"sameAs":["https:\/\/www.facebook.com\/huonglieuviethuong","https:\/\/www.linkedin.com\/in\/viethuong-flavour-fragrance\/","https:\/\/www.youtube.com\/channel\/UC2xUv9BaiZxsP2ik_uhgs1Q"]}]}},"_links":{"self":[{"href":"https:\/\/www.viethuong.com.vn\/vi\/wp-json\/wp\/v2\/pages\/516"}],"collection":[{"href":"https:\/\/www.viethuong.com.vn\/vi\/wp-json\/wp\/v2\/pages"}],"about":[{"href":"https:\/\/www.viethuong.com.vn\/vi\/wp-json\/wp\/v2\/types\/page"}],"author":[{"embeddable":true,"href":"https:\/\/www.viethuong.com.vn\/vi\/wp-json\/wp\/v2\/users\/1"}],"replies":[{"embeddable":true,"href":"https:\/\/www.viethuong.com.vn\/vi\/wp-json\/wp\/v2\/comments?post=516"}],"version-history":[{"count":85,"href":"https:\/\/www.viethuong.com.vn\/vi\/wp-json\/wp\/v2\/pages\/516\/revisions"}],"predecessor-version":[{"id":20333,"href":"https:\/\/www.viethuong.com.vn\/vi\/wp-json\/wp\/v2\/pages\/516\/revisions\/20333"}],"wp:attachment":[{"href":"https:\/\/www.viethuong.com.vn\/vi\/wp-json\/wp\/v2\/media?parent=516"}],"curies":[{"name":"wp","href":"https:\/\/api.w.org\/{rel}","templated":true}]}}